{"id":24,"date":"2021-04-15T10:35:02","date_gmt":"2021-04-15T07:35:02","guid":{"rendered":"https:\/\/www.huonekalukeskus.fi\/?page_id=24"},"modified":"2023-07-12T12:14:25","modified_gmt":"2023-07-12T09:14:25","slug":"kuopion-huonekalukeskus","status":"publish","type":"page","link":"https:\/\/www.huonekalukeskus.fi\/","title":{"rendered":"Kuopion Huonekalukeskus"},"content":{"rendered":"<section class=\"wpb-content-wrapper\"><p>[vc_row css=&#8221;.vc_custom_1618488399570{margin-top: -50px !important;}&#8221; el_id=&#8221;ETUSIVU&#8221;][vc_column][vc_column_text]\n\t\t\t<!-- START banneri REVOLUTION SLIDER 6.6.14 --><p class=\"rs-p-wp-fix\"><\/p>\n\t\t\t<rs-module-wrap id=\"rev_slider_1_1_wrapper\" data-source=\"gallery\" style=\"visibility:hidden;background:transparent;padding:0;margin:0px auto;margin-top:0;margin-bottom:0;\">\n\t\t\t\t<rs-module id=\"rev_slider_1_1\" style=\"\" data-version=\"6.6.14\">\n\t\t\t\t\t<rs-slides style=\"overflow: hidden; position: absolute;\">\n\t\t\t\t\t\t<rs-slide style=\"position: absolute;\" data-key=\"rs-1\" data-title=\"Slide\" data-anim=\"adpr:false;\" data-in=\"o:0;\" data-out=\"a:false;\">\n\t\t\t\t\t\t\t<img decoding=\"async\" src=\"\/\/www.huonekalukeskus.fi\/wp-content\/plugins\/revslider\/public\/assets\/assets\/dummy.png\" alt=\"Slide\" title=\"Kuopion Huonekalukeskus\" class=\"rev-slidebg tp-rs-img rs-lazyload\" data-lazyload=\"\/\/www.huonekalukeskus.fi\/wp-content\/plugins\/revslider\/public\/assets\/assets\/transparent.png\" data-no-retina>\n<!--\n\t\t\t\t\t\t\t--><rs-layer\n\t\t\t\t\t\t\t\tid=\"slider-1-slide-1-layer-0\" \n\t\t\t\t\t\t\t\tdata-type=\"shape\"\n\t\t\t\t\t\t\t\tdata-rsp_ch=\"on\"\n\t\t\t\t\t\t\t\tdata-xy=\"x:c;\"\n\t\t\t\t\t\t\t\tdata-text=\"w:normal;s:20,16,12,7;l:0,20,15,9;\"\n\t\t\t\t\t\t\t\tdata-dim=\"w:100%;h:100%;\"\n\t\t\t\t\t\t\t\tdata-basealign=\"slide\"\n\t\t\t\t\t\t\t\tdata-frame_0=\"o:1;\"\n\t\t\t\t\t\t\t\tdata-frame_999=\"o:0;st:w;\"\n\t\t\t\t\t\t\t\tstyle=\"z-index:8;background-color:#ed1c24;\"\n\t\t\t\t\t\t\t> \n\t\t\t\t\t\t\t<\/rs-layer><!--\n\n\t\t\t\t\t\t\t--><rs-layer\n\t\t\t\t\t\t\t\tid=\"slider-1-slide-1-layer-2\" \n\t\t\t\t\t\t\t\tdata-type=\"shape\"\n\t\t\t\t\t\t\t\tdata-rsp_ch=\"on\"\n\t\t\t\t\t\t\t\tdata-xy=\"x:c;xo:0,0,0,1px;y:b;yo:-63px,-52px,-39px,-34px;\"\n\t\t\t\t\t\t\t\tdata-text=\"w:normal;s:20,16,12,7;l:0,20,15,9;\"\n\t\t\t\t\t\t\t\tdata-dim=\"w:2183px,1802px,1367px,844px;h:180px,148px,165px,244px;\"\n\t\t\t\t\t\t\t\tdata-basealign=\"slide\"\n\t\t\t\t\t\t\t\tdata-btrans=\"rZ:-2;\"\n\t\t\t\t\t\t\t\tdata-frame_999=\"o:0;st:w;\"\n\t\t\t\t\t\t\t\tstyle=\"z-index:9;background-color:#ffffff;\"\n\t\t\t\t\t\t\t> \n\t\t\t\t\t\t\t<\/rs-layer><!--\n-->\t\t\t\t\t\t<\/rs-slide>\n\t\t\t\t\t<\/rs-slides>\n\t\t\t\t\t<rs-static-layers><!--\n\n\t\t\t\t\t\t\t--><rs-layer\n\t\t\t\t\t\t\t\tid=\"slider-1-slide-1-layer-3\" \n\t\t\t\t\t\t\t\tclass=\"rs-layer-static\"\n\t\t\t\t\t\t\t\tdata-type=\"image\"\n\t\t\t\t\t\t\t\tdata-rsp_ch=\"on\"\n\t\t\t\t\t\t\t\tdata-xy=\"x:l,l,l,c;xo:581px,501px,344px,4px;yo:20px,20px,66px,243px;\"\n\t\t\t\t\t\t\t\tdata-text=\"w:normal;s:20,16,12,7;l:0,20,15,9;\"\n\t\t\t\t\t\t\t\tdata-dim=\"w:600px,468px,427px,409px;h:474px,370px,337px,323px;\"\n\t\t\t\t\t\t\t\tdata-onslides=\"s:-1;e:-1;\"\n\t\t\t\t\t\t\t\tdata-frame_0=\"sX:0.9;sY:0.9;\"\n\t\t\t\t\t\t\t\tdata-frame_1=\"sp:1000;\"\n\t\t\t\t\t\t\t\tdata-frame_999=\"o:0;st:w;\"\n\t\t\t\t\t\t\t\tstyle=\"z-index:5;\"\n\t\t\t\t\t\t\t><img decoding=\"async\" src=\"\/\/www.huonekalukeskus.fi\/wp-content\/plugins\/revslider\/public\/assets\/assets\/dummy.png\" alt=\"\" class=\"tp-rs-img rs-lazyload\" width=\"1018\" height=\"804\" data-lazyload=\"\/\/www.huonekalukeskus.fi\/wp-content\/uploads\/2021\/04\/banneri-tuoteryhma.png\" data-no-retina> \n\t\t\t\t\t\t\t<\/rs-layer><!--\n\n\t\t\t\t\t\t\t--><rs-layer\n\t\t\t\t\t\t\t\tid=\"slider-1-slide-1-layer-4\" \n\t\t\t\t\t\t\t\tclass=\"rs-layer-static\"\n\t\t\t\t\t\t\t\tdata-type=\"text\"\n\t\t\t\t\t\t\t\tdata-rsp_ch=\"on\"\n\t\t\t\t\t\t\t\tdata-xy=\"x:l,l,l,c;xo:29px,68px,17px,0;yo:20px,33px,50px,30px;\"\n\t\t\t\t\t\t\t\tdata-text=\"w:normal;s:20,23,20,20;l:25,28,25,25;fw:300;a:left,left,left,center;\"\n\t\t\t\t\t\t\t\tdata-dim=\"w:517px,426px,315px,374px;h:auto,auto,252px,auto;\"\n\t\t\t\t\t\t\t\tdata-onslides=\"s:-1;e:-1;\"\n\t\t\t\t\t\t\t\tdata-frame_999=\"o:0;st:w;\"\n\t\t\t\t\t\t\t\tstyle=\"z-index:6;font-family:'Roboto';\"\n\t\t\t\t\t\t\t>Kuopion Huonekalukeskus on perinteik\u00e4s 59-vuotias perheyritys. Toimintamme perustuu laadukkaisiin, p\u00e4\u00e4asiassa kotimaisiin merkkituotteisiin sek\u00e4 henkil\u00f6kohtaiseen ja joustavaan asiakaspalveluun. Varastostamme l\u00f6ytyy runsaat valikoimat design-huonekaluja arvostetuilta br\u00e4ndeilt\u00e4.  \n\t\t\t\t\t\t\t<\/rs-layer><!--\n\n\t\t\t\t\t\t\t--><rs-layer\n\t\t\t\t\t\t\t\tid=\"slider-1-slide-1-layer-5\" \n\t\t\t\t\t\t\t\tclass=\"rs-layer-static\"\n\t\t\t\t\t\t\t\tdata-type=\"object\"\n\t\t\t\t\t\t\t\tdata-rsp_ch=\"on\"\n\t\t\t\t\t\t\t\tdata-xy=\"xo:50px,41px,31px,19px;yo:74px,61px,46px,28px;\"\n\t\t\t\t\t\t\t\tdata-text=\"w:normal;s:20,16,12,7;l:0,20,15,9;\"\n\t\t\t\t\t\t\t\tdata-onslides=\"s:-1;e:-1;\"\n\t\t\t\t\t\t\t\tdata-frame_999=\"o:0;st:w;\"\n\t\t\t\t\t\t\t\tstyle=\"z-index:7;font-family:'Roboto';\"\n\t\t\t\t\t\t\t> \n\t\t\t\t\t\t\t<\/rs-layer><!--\n\n\t\t\t\t\t\t\t--><rs-layer\n\t\t\t\t\t\t\t\tid=\"slider-1-slide-1-layer-6\" \n\t\t\t\t\t\t\t\tclass=\"rs-layer-static\"\n\t\t\t\t\t\t\t\tdata-type=\"image\"\n\t\t\t\t\t\t\t\tdata-rsp_ch=\"on\"\n\t\t\t\t\t\t\t\tdata-xy=\"x:c;y:b,b,m,b;yo:0,0,185px,109px;\"\n\t\t\t\t\t\t\t\tdata-text=\"w:normal;s:20,16,12,7;l:0,20,15,9;\"\n\t\t\t\t\t\t\t\tdata-dim=\"w:0px,1px,70px,76px;h:0px,1px,29px,32px;\"\n\t\t\t\t\t\t\t\tdata-actions='id:TUOTTEET;o:click;a:scrollto;sp:1000ms;e:power1.inOut;'\n\t\t\t\t\t\t\t\tdata-onslides=\"s:-1;e:-1;\"\n\t\t\t\t\t\t\t\tdata-frame_999=\"o:0;st:w;\"\n\t\t\t\t\t\t\t\tstyle=\"z-index:8;\"\n\t\t\t\t\t\t\t><img decoding=\"async\" src=\"\/\/www.huonekalukeskus.fi\/wp-content\/plugins\/revslider\/public\/assets\/assets\/dummy.png\" alt=\"\" class=\"tp-rs-img rs-lazyload\" width=\"221\" height=\"92\" data-lazyload=\"\/\/www.huonekalukeskus.fi\/wp-content\/uploads\/2021\/04\/nuoli-alas.png\" data-no-retina> \n\t\t\t\t\t\t\t<\/rs-layer><!--\n\t\t\t\t\t--><\/rs-static-layers>\n\t\t\t\t<\/rs-module>\n\t\t\t\t<script>\n\t\t\t\t\tsetREVStartSize({c: 'rev_slider_1_1',rl:[1240,1024,778,480],el:[500,400,450,700],gw:[1240,1024,777,480],gh:[500,400,450,700],type:'hero',justify:'',layout:'fullwidth',mh:\"0\"});if (window.RS_MODULES!==undefined && window.RS_MODULES.modules!==undefined && window.RS_MODULES.modules[\"revslider11\"]!==undefined) {window.RS_MODULES.modules[\"revslider11\"].once = false;window.revapi1 = undefined;if (window.RS_MODULES.checkMinimal!==undefined) window.RS_MODULES.checkMinimal()}\n\t\t\t\t<\/script>\n\t\t\t<\/rs-module-wrap>\n\t\t\t<!-- END REVOLUTION SLIDER -->\n[\/vc_column_text][\/vc_column][\/vc_row][vc_row equal_height=&#8221;yes&#8221; content_placement=&#8221;middle&#8221; css=&#8221;.vc_custom_1626688288852{margin-bottom: 30px !important;background-color: #ffcf23 !important;}&#8221;][vc_column width=&#8221;1\/6&#8243;][vc_icon icon_fontawesome=&#8221;fas fa-percent&#8221; color=&#8221;custom&#8221; size=&#8221;xl&#8221; align=&#8221;center&#8221; custom_color=&#8221;#3d3d3d&#8221;][\/vc_column][vc_column width=&#8221;2\/3&#8243;][vc_custom_heading text=&#8221;OHO!&#8221; font_container=&#8221;tag:h2|font_size:70|text_align:center&#8221; use_theme_fonts=&#8221;yes&#8221; css=&#8221;.vc_custom_1626688320324{margin-bottom: 20px !important;}&#8221;][vc_column_text]<\/p>\n<h3 style=\"text-align: center;\"><span style=\"color: #333333;\">Kato k\u00e4y Kallantiell\u00e4! Myym\u00e4l\u00e4st\u00e4 laatukalusteita huippualennuksin. Tervetuloa ostoksille!<\/span><\/h3>\n<p>[\/vc_column_text][\/vc_column][vc_column width=&#8221;1\/6&#8243;][vc_icon icon_fontawesome=&#8221;fas fa-percent&#8221; color=&#8221;custom&#8221; size=&#8221;xl&#8221; align=&#8221;center&#8221; custom_color=&#8221;#3d3d3d&#8221;][\/vc_column][\/vc_row][vc_row][vc_column][vc_column_text]<\/p>\n<h2 style=\"text-align: center;\"><span style=\"color: #ed1c24;\">Esimerkkej\u00e4 tuotteistamme<\/span><\/h2>\n<p>[\/vc_column_text][\/vc_column][\/vc_row][vc_row][vc_column][vc_basic_grid post_type=&#8221;product&#8221; max_items=&#8221;-1&#8243; order=&#8221;ASC&#8221; item=&#8221;114&#8243; initial_loading_animation=&#8221;none&#8221; grid_id=&#8221;vc_gid:1689153232066-2c860a69-722f-1&#8243; taxonomies=&#8221;17, 18&#8243;][vc_empty_space height=&#8221;80px&#8221;][\/vc_column][\/vc_row][vc_row full_width=&#8221;stretch_row&#8221; bg_type=&#8221;bg_color&#8221; seperator_enable=&#8221;seperator_enable_value&#8221; seperator_type=&#8221;tilt_left_seperator&#8221; seperator_position=&#8221;top_bottom_seperator&#8221; seperator_svg_height=&#8221;50&#8243; seperator_shape_background=&#8221;#ffffff&#8221; bg_color_value=&#8221;#ed1c24&#8243; el_id=&#8221;ASIANTUNTIJA&#8221;][vc_column][vc_empty_space height=&#8221;80px&#8221;][vc_column_text]<\/p>\n<h2 style=\"text-align: center;\"><span style=\"color: #ffffff;\">Asiantuntija palveluksessasi l\u00e4hes 60 vuoden kokemuksella<\/span><\/h2>\n<p>[\/vc_column_text][vc_row_inner gap=&#8221;20&#8243;][vc_column_inner width=&#8221;1\/2&#8243;][vc_column_text el_class=&#8221;valkoinenteksti&#8221;]Meilt\u00e4 l\u00f6yd\u00e4t upeita uniikkikappaleita ja toimitamme my\u00f6s asiakkaan toiveiden mukaisia r\u00e4\u00e4t\u00e4l\u00f6ityj\u00e4 kalusteita. Asiakas saa l\u00e4ht\u00f6kohtaisesti aina valmiin tuotteen. Toimitamme huonekalut kotiisi v\u00e4limatkasta riippumatta, vaikka Helsinkiin tai Utsjoelle. Tarvittaessa meilt\u00e4 saa my\u00f6s asennusapua.<\/p>\n<p>Olemme luotettava ja pitk\u00e4aikainen kumppani kaikissa sisustamiseen liittyviss\u00e4 asioissa.<\/p>\n<p><strong>TERVETULOA TUTUSTUMAAN LAAJOIHIN VALIKOIMIIN LIIKKEESEEMME KUOPION KETTULANLAHTEEN!<\/strong>[\/vc_column_text][\/vc_column_inner][vc_column_inner width=&#8221;1\/2&#8243;][vc_single_image image=&#8221;200&#8243; img_size=&#8221;full&#8221; alignment=&#8221;center&#8221;][\/vc_column_inner][\/vc_row_inner][vc_empty_space height=&#8221;80px&#8221;][\/vc_column][\/vc_row][vc_row bg_type=&#8221;bg_color&#8221; seperator_enable=&#8221;seperator_enable_value&#8221; seperator_type=&#8221;tilt_left_seperator&#8221; seperator_position=&#8221;top_bottom_seperator&#8221; seperator_svg_height=&#8221;50&#8243; el_id=&#8221;TUOTEMERKIT&#8221; bg_color_value=&#8221;#ffffff&#8221;][vc_column width=&#8221;1\/6&#8243;][\/vc_column][vc_column width=&#8221;2\/3&#8243;][vc_empty_space height=&#8221;30px&#8221;][vc_column_text]<\/p>\n<h2 style=\"text-align: center;\"><span style=\"color: #ed1c24;\">Edustamamme tuotemerkit<\/span><\/h2>\n<p>[\/vc_column_text][vc_column_text]<\/p>\n<p style=\"text-align: center;\">Cane-Line, Skagerak, Bokn\u00e4s, Villinki, Sope, Star-Kaluste (mm. Koivikko-sarja), Rotola-Pukkila (Timantti-sarja) Puulon, Rowico, Lintulan Puusep\u00e4nliike, Pedro, Valanti, Kaani, BPJ Desinghouse<\/p>\n<p style=\"text-align: center;\"><strong>Sohvia &amp; Lepotuolia:<\/strong><\/p>\n<p style=\"text-align: center;\">BD M\u00f6bel, Finsoffat, Interface, Adea, Shapes, HT Collection, Innovation, Idp Italia, Novapak, Swedese, Cuero, Laitala, Lundbergs, Holli, F-Kaluste, Hilding Anders, Pentti Talvitie, Kiteen Huonekalutehdas, Laatupeite.<\/p>\n<p style=\"text-align: center;\"><strong>Valaisimia:<\/strong><\/p>\n<p style=\"text-align: center;\">Belid, Secto Design, Le Klint, Valaisin Gr\u00f6nlund, Dr. Design, Gubi, Elite valaisimet, Sessak, Trio Lightning, Jielde, AB Belysing, Tunto, Mantra, Nuura. Inno, Matot: VM Carpet, Adora, Botnia Carpet, Orient,<\/p>\n<p>[\/vc_column_text][vc_empty_space height=&#8221;30px&#8221;][\/vc_column][vc_column width=&#8221;1\/6&#8243;][\/vc_column][\/vc_row][vc_row full_width=&#8221;stretch_row&#8221; bg_type=&#8221;bg_color&#8221; seperator_enable=&#8221;seperator_enable_value&#8221; seperator_type=&#8221;tilt_left_seperator&#8221; seperator_svg_height=&#8221;50&#8243; bg_color_value=&#8221;#ebebeb&#8221; el_id=&#8221;YHTEYSTIEDOT&#8221;][vc_column][vc_empty_space height=&#8221;50px&#8221;][vc_column_text]<\/p>\n<h2 style=\"text-align: center;\"><span style=\"color: #ed1c24;\">Avoinna ma &#8211; pe 10 &#8211; 17, la 10 &#8211; 15,<br \/>\nmutta olemme avoinna aina, kun ovi ei ole lukossa.<\/span><\/h2>\n<p>[\/vc_column_text][vc_column_text]<\/p>\n<h3 style=\"text-align: center;\"><span style=\"color: #404040;\">Kuopion Huonekalukeskus<\/span><br \/>\n<span style=\"color: #404040;\">Kallantie 13<\/span><br \/>\n<span style=\"color: #404040;\">70340 Kuopio<\/span><\/h3>\n<h3 style=\"text-align: center;\"><span style=\"color: #404040;\">puh. <a style=\"color: #404040;\" href=\"tel:0400276780\">0400 276 780<\/a><\/span><br \/>\n<span style=\"color: #404040;\"><a style=\"color: #404040;\" href=\"mailto:info@huonekalukeskus.fi\">info@huonekalukeskus.fi<\/a><\/span><\/h3>\n<p>[\/vc_column_text][vc_empty_space height=&#8221;20px&#8221;][vc_column_text]<iframe loading=\"lazy\" style=\"border: 0;\" src=\"https:\/\/www.google.com\/maps\/embed?pb=!1m18!1m12!1m3!1d1816.248398438833!2d27.677030716514857!3d62.92085642505208!2m3!1f0!2f0!3f0!3m2!1i1024!2i768!4f13.1!3m3!1m2!1s0x4684b07551049099%3A0x50df5b64e5d932de!2sKuopion%20Huonekalukeskus%20Oy!5e0!3m2!1sfi!2sfi!4v1618553827007!5m2!1sfi!2sfi\" width=\"100%\" height=\"450\" allowfullscreen=\"allowfullscreen\"><\/iframe>[\/vc_column_text][\/vc_column][\/vc_row]<\/p>\n<\/section>","protected":false},"excerpt":{"rendered":"<p>[vc_row css=&#8221;.vc_custom_1618488399570{margin-top: -50px !important;}&#8221; el_id=&#8221;ETUSIVU&#8221;][vc_column][vc_column_text][\/vc_column_text][\/vc_column][\/vc_row][vc_row equal_height=&#8221;yes&#8221; content_placement=&#8221;middle&#8221; css=&#8221;.vc_custom_1626688288852{margin-bottom: 30px !important;background-color: #ffcf23 !important;}&#8221;][vc_column width=&#8221;1\/6&#8243;][vc_icon icon_fontawesome=&#8221;fas fa-percent&#8221; color=&#8221;custom&#8221; size=&#8221;xl&#8221; align=&#8221;center&#8221; custom_color=&#8221;#3d3d3d&#8221;][\/vc_column][vc_column width=&#8221;2\/3&#8243;][vc_custom_heading text=&#8221;OHO!&#8221; font_container=&#8221;tag:h2|font_size:70|text_align:center&#8221; use_theme_fonts=&#8221;yes&#8221; css=&#8221;.vc_custom_1626688320324{margin-bottom: 20px&hellip;<\/p>\n","protected":false},"author":1,"featured_media":0,"parent":0,"menu_order":0,"comment_status":"closed","ping_status":"closed","template":"","meta":{"footnotes":""},"class_list":["post-24","page","type-page","status-publish","hentry"],"_links":{"self":[{"href":"https:\/\/www.huonekalukeskus.fi\/index.php?rest_route=\/wp\/v2\/pages\/24","targetHints":{"allow":["GET"]}}],"collection":[{"href":"https:\/\/www.huonekalukeskus.fi\/index.php?rest_route=\/wp\/v2\/pages"}],"about":[{"href":"https:\/\/www.huonekalukeskus.fi\/index.php?rest_route=\/wp\/v2\/types\/page"}],"author":[{"embeddable":true,"href":"https:\/\/www.huonekalukeskus.fi\/index.php?rest_route=\/wp\/v2\/users\/1"}],"replies":[{"embeddable":true,"href":"https:\/\/www.huonekalukeskus.fi\/index.php?rest_route=%2Fwp%2Fv2%2Fcomments&post=24"}],"version-history":[{"count":97,"href":"https:\/\/www.huonekalukeskus.fi\/index.php?rest_route=\/wp\/v2\/pages\/24\/revisions"}],"predecessor-version":[{"id":340,"href":"https:\/\/www.huonekalukeskus.fi\/index.php?rest_route=\/wp\/v2\/pages\/24\/revisions\/340"}],"wp:attachment":[{"href":"https:\/\/www.huonekalukeskus.fi\/index.php?rest_route=%2Fwp%2Fv2%2Fmedia&parent=24"}],"curies":[{"name":"wp","href":"https:\/\/api.w.org\/{rel}","templated":true}]}}